{"id":2021,"date":"2019-07-22T11:52:49","date_gmt":"2019-07-22T09:52:49","guid":{"rendered":"http:\/\/102013.web.zcom.it\/?page_id=2021"},"modified":"2019-07-24T08:26:37","modified_gmt":"2019-07-24T06:26:37","slug":"escursioni-avventura","status":"publish","type":"page","link":"https:\/\/gasthofpeter.com\/it\/escursioni-avventura\/","title":{"rendered":"Aktiv &#038; Wandern"},"content":{"rendered":"[vc_row type=&#8221;full_width_background&#8221; full_screen_row_position=&#8221;middle&#8221; scene_position=&#8221;center&#8221; text_color=&#8221;dark&#8221; text_align=&#8221;left&#8221; top_padding=&#8221;7%&#8221; id=&#8221;gallery&#8221; overlay_strength=&#8221;0.3&#8243; shape_divider_position=&#8221;bottom&#8221; bg_image_animation=&#8221;none&#8221; shape_type=&#8221;&#8221;][vc_column centered_text=&#8221;true&#8221; column_padding=&#8221;no-extra-padding&#8221; column_padding_position=&#8221;all&#8221; background_color_opacity=&#8221;1&#8243; background_hover_color_opacity=&#8221;1&#8243; column_link_target=&#8221;_self&#8221; column_shadow=&#8221;none&#8221; column_border_radius=&#8221;none&#8221; width=&#8221;1\/1&#8243; tablet_width_inherit=&#8221;default&#8221; tablet_text_alignment=&#8221;default&#8221; phone_text_alignment=&#8221;default&#8221; column_border_width=&#8221;none&#8221; column_border_style=&#8221;solid&#8221; bg_image_animation=&#8221;none&#8221;][vc_column_text]\n<h2 style=\"text-align: center;\">Attivit\u00e0. Escursioni. Avventura.<\/h2>\n[\/vc_column_text][divider line_type=&#8221;No Line&#8221; custom_height=&#8221;40&#8243;][vc_column_text css=&#8221;.vc_custom_1563789156904{margin-right: 7% !important;margin-left: 7% !important;}&#8221;]\n<p style=\"text-align: center;\">Al Gasthof Peter a San Leonardo in Val Passiria, la giornata inizia proprio davanti alla porta di casa. Cos\u00ec potete lasciare ferma la vostra macchina. Che ne dite del &#8220;Sentiero del sole&#8221;? Girate la met\u00e0 nord-est del paese e i pendii soleggiati adiacenti. O cosa ne pensate di un&#8217;escursione alla malga Pfistradalm (Sant&#8217;Anna), un complesso residenziale ricco di storia? Particolarmente pittoresca \u00e8 la chiesetta di Sant&#8217;Anna accanto al rifugio. Un&#8217;altra attrazione \u00e8 il sentiero \u201cPasserschluchtenweg\u201d&#8230; ulteriori informazioni le trovate qui sotto! Come potete vedere, qui in Val Passiria le possibilit\u00e0 di escursioni sono quasi illimitate.<br \/>\nNaturalmente, \u00e8 possibile partecipare anche alle escursioni proposte dall\u2019associazione turistica. Con noi otterrete la GuestCard, con la quale potrete usufruire di tutti i vantaggi.<\/p>\n[\/vc_column_text][nectar_cascading_images image_1_bg_color=&#8221;#b9b1a1&#8243; image_1_offset_x_sign=&#8221;+&#8221; image_1_offset_x=&#8221;0%&#8221; image_1_offset_y_sign=&#8221;+&#8221; image_1_offset_y=&#8221;0%&#8221; image_1_rotate_sign=&#8221;+&#8221; image_1_rotate=&#8221;none&#8221; image_1_animation=&#8221;Grow In&#8221; image_1_box_shadow=&#8221;none&#8221; image_2_url=&#8221;1230&#8243; image_2_offset_x_sign=&#8221;-&#8221; image_2_offset_x=&#8221;25%&#8221; image_2_offset_y_sign=&#8221;+&#8221; image_2_offset_y=&#8221;30%&#8221; image_2_rotate_sign=&#8221;+&#8221; image_2_rotate=&#8221;none&#8221; image_2_animation=&#8221;Grow In&#8221; image_2_box_shadow=&#8221;none&#8221; image_3_url=&#8221;1232&#8243; image_3_offset_x_sign=&#8221;+&#8221; image_3_offset_x=&#8221;15%&#8221; image_3_offset_y_sign=&#8221;-&#8221; image_3_offset_y=&#8221;30%&#8221; image_3_rotate_sign=&#8221;+&#8221; image_3_rotate=&#8221;none&#8221; image_3_animation=&#8221;Grow In&#8221; image_3_box_shadow=&#8221;x_large_depth&#8221; image_4_offset_x_sign=&#8221;+&#8221; image_4_offset_x=&#8221;0%&#8221; image_4_offset_y_sign=&#8221;+&#8221; image_4_offset_y=&#8221;0%&#8221; image_4_rotate_sign=&#8221;+&#8221; image_4_rotate=&#8221;none&#8221; image_4_animation=&#8221;Fade In&#8221; image_4_box_shadow=&#8221;none&#8221; border_radius=&#8221;none&#8221;][\/vc_column][\/vc_row][vc_row type=&#8221;full_width_background&#8221; full_screen_row_position=&#8221;middle&#8221; scene_position=&#8221;center&#8221; text_color=&#8221;dark&#8221; text_align=&#8221;left&#8221; id=&#8221;gallery&#8221; overlay_strength=&#8221;0.3&#8243; shape_divider_position=&#8221;bottom&#8221; bg_image_animation=&#8221;none&#8221; shape_type=&#8221;&#8221;][vc_column centered_text=&#8221;true&#8221; column_padding=&#8221;no-extra-padding&#8221; column_padding_position=&#8221;all&#8221; background_color_opacity=&#8221;1&#8243; background_hover_color_opacity=&#8221;1&#8243; column_link_target=&#8221;_self&#8221; column_shadow=&#8221;none&#8221; column_border_radius=&#8221;none&#8221; width=&#8221;1\/1&#8243; tablet_width_inherit=&#8221;default&#8221; tablet_text_alignment=&#8221;default&#8221; phone_text_alignment=&#8221;default&#8221; column_border_width=&#8221;none&#8221; column_border_style=&#8221;solid&#8221; bg_image_animation=&#8221;none&#8221;][vc_column_text css=&#8221;.vc_custom_1563789362047{margin-right: 7% !important;margin-left: 7% !important;}&#8221;]\n<h3>Il sentiero \u201ePasserschluchtenweg\u201c<\/h3>\n<h4>Il nostro consiglio per gli amanti delle escursioni (s\u00ec, anche per le famiglie!) che amano scoprire cose nuove!<\/h4>\n<p class=\"p1\">Moderne costruzioni d\u2019acciaio. Cascate. Pendii ripidi. Foreste e prati. Troverete un po\u2019 di tutto! Costruito nel 2015, il sentiero lungo 6,5 chilometri lungo la gola della \u201cPasserschlucht\u201d \u00e8 sicuramente un&#8217;esperienza per grandi e piccini. Il punto di partenza \u00e8 San Leonardo. La destinazione \u00e8 Moso in Passiria, che si raggiunge dopo circa 2 ore. Tornate al Gasthof Peter in autobus!<\/p>\n[\/vc_column_text][divider line_type=&#8221;No Line&#8221; custom_height=&#8221;60&#8243;][image_with_animation image_url=&#8221;1230&#8243; alignment=&#8221;&#8221; animation=&#8221;Fade In&#8221; border_radius=&#8221;none&#8221; box_shadow=&#8221;none&#8221; max_width=&#8221;100%&#8221;][\/vc_column][\/vc_row][vc_row type=&#8221;full_width_background&#8221; full_screen_row_position=&#8221;middle&#8221; scene_position=&#8221;center&#8221; text_color=&#8221;dark&#8221; text_align=&#8221;left&#8221; id=&#8221;gallery&#8221; overlay_strength=&#8221;0.3&#8243; shape_divider_position=&#8221;bottom&#8221; bg_image_animation=&#8221;none&#8221; shape_type=&#8221;&#8221;][vc_column centered_text=&#8221;true&#8221; column_padding=&#8221;no-extra-padding&#8221; column_padding_position=&#8221;all&#8221; background_color_opacity=&#8221;1&#8243; background_hover_color_opacity=&#8221;1&#8243; column_link_target=&#8221;_self&#8221; column_shadow=&#8221;none&#8221; column_border_radius=&#8221;none&#8221; top_margin=&#8221;7%&#8221; width=&#8221;1\/1&#8243; tablet_width_inherit=&#8221;default&#8221; tablet_text_alignment=&#8221;default&#8221; phone_text_alignment=&#8221;default&#8221; column_border_width=&#8221;none&#8221; column_border_style=&#8221;solid&#8221; bg_image_animation=&#8221;none&#8221;][vc_column_text css=&#8221;.vc_custom_1563789475300{margin-right: 7% !important;margin-left: 7% !important;}&#8221;]\n<h3>Il Parco Naturale del Gruppo di Tessa<\/h3>\n<h4>Il nostro consiglio per alpinisti e amanti della natura!<\/h4>\n<p class=\"p1\">Il Parco Naturale del Gruppo di Tessa \u00e8 il pi\u00f9 grande parco naturale dell&#8217;Alto Adige e sorge ad ovest della Val Passiria. Non c&#8217;\u00e8 dubbio che gli escursionisti si innamorano di questo luogo. Grazie ai pendii meno scoscesi, questa zona \u00e8 adatta a quasi tutti i tipi di escursionisti. Destinazioni particolarmente popolari sono i Laghi di Sopranes, la cima Matatz o la cima Bianca Grande. Il punto di partenza ideale per le escursioni nel parco naturale \u00e8 il comune di Moso in Passiria, ma anche qui da noi a San Leonardo o nell&#8217;idilliaco villaggio di Plan potete comodamente iniziare la vostra giornata escursionistica!<\/p>\n[\/vc_column_text][divider line_type=&#8221;No Line&#8221; custom_height=&#8221;60&#8243;][image_with_animation image_url=&#8221;1314&#8243; alignment=&#8221;&#8221; animation=&#8221;Fade In&#8221; border_radius=&#8221;none&#8221; box_shadow=&#8221;none&#8221; max_width=&#8221;100%&#8221;][\/vc_column][\/vc_row][vc_row type=&#8221;full_width_background&#8221; full_screen_row_position=&#8221;middle&#8221; scene_position=&#8221;center&#8221; text_color=&#8221;dark&#8221; text_align=&#8221;left&#8221; top_padding=&#8221;7%&#8221; bottom_padding=&#8221;7%&#8221; overlay_strength=&#8221;0.3&#8243; shape_divider_position=&#8221;bottom&#8221; bg_image_animation=&#8221;none&#8221; shape_type=&#8221;&#8221;][vc_column centered_text=&#8221;true&#8221; column_padding=&#8221;no-extra-padding&#8221; column_padding_position=&#8221;all&#8221; background_color_opacity=&#8221;1&#8243; background_hover_color_opacity=&#8221;1&#8243; column_link_target=&#8221;_self&#8221; column_shadow=&#8221;none&#8221; column_border_radius=&#8221;none&#8221; width=&#8221;1\/1&#8243; tablet_width_inherit=&#8221;default&#8221; tablet_text_alignment=&#8221;default&#8221; phone_text_alignment=&#8221;default&#8221; column_border_width=&#8221;none&#8221; column_border_style=&#8221;solid&#8221; bg_image_animation=&#8221;none&#8221;][vc_column_text]\n<h2 style=\"text-align: center;\">da vedere<\/h2>\n[\/vc_column_text][divider line_type=&#8221;No Line&#8221; custom_height=&#8221;60&#8243;][vc_row_inner equal_height=&#8221;yes&#8221; content_placement=&#8221;middle&#8221; column_margin=&#8221;none&#8221; text_align=&#8221;left&#8221;][vc_column_inner column_padding=&#8221;no-extra-padding&#8221; column_padding_position=&#8221;all&#8221; background_color_opacity=&#8221;1&#8243; background_hover_color_opacity=&#8221;1&#8243; font_color=&#8221;#ffffff&#8221; column_shadow=&#8221;none&#8221; column_border_radius=&#8221;none&#8221; column_link_target=&#8221;_self&#8221; width=&#8221;1\/3&#8243; tablet_width_inherit=&#8221;default&#8221; column_border_width=&#8221;none&#8221; column_border_style=&#8221;solid&#8221; bg_image_animation=&#8221;none&#8221;][fancy_box box_style=&#8221;parallax_hover&#8221; icon_family=&#8221;iconsmind&#8221; image_url=&#8221;1290&#8243; color_scheme=&#8221;dark&#8221; secondary_content=&#8221;here&#8217;s some awesome text that would only be shown on hover&#8221; icon_iconsmind=&#8221;iconsmind-Bicycle-2&#8243; min_height=&#8221;600&#8243; link_url=&#8221;?page_id=1375&#8243;]\n<h3><span style=\"color: #e6e6e6;\">Ciclismo<\/span><\/h3>\n[\/fancy_box][\/vc_column_inner][vc_column_inner column_padding=&#8221;no-extra-padding&#8221; column_padding_position=&#8221;all&#8221; background_color_opacity=&#8221;1&#8243; background_hover_color_opacity=&#8221;1&#8243; column_shadow=&#8221;none&#8221; column_border_radius=&#8221;none&#8221; column_link_target=&#8221;_self&#8221; width=&#8221;1\/3&#8243; tablet_width_inherit=&#8221;default&#8221; column_border_width=&#8221;none&#8221; column_border_style=&#8221;solid&#8221; bg_image_animation=&#8221;none&#8221;][fancy_box box_style=&#8221;parallax_hover&#8221; icon_family=&#8221;iconsmind&#8221; image_url=&#8221;1311&#8243; color_scheme=&#8221;dark&#8221; secondary_content=&#8221;&#8221; icon_iconsmind=&#8221;iconsmind-Motorcycle&#8221; min_height=&#8221;600&#8243; link_url=&#8221;?page_id=1384&#8243;]\n<h3><span style=\"color: #e6e6e6;\">Motociclismo<\/span><\/h3>\n[\/fancy_box][\/vc_column_inner][vc_column_inner column_padding=&#8221;no-extra-padding&#8221; column_padding_position=&#8221;all&#8221; background_color_opacity=&#8221;1&#8243; background_hover_color_opacity=&#8221;1&#8243; column_shadow=&#8221;none&#8221; column_border_radius=&#8221;none&#8221; column_link_target=&#8221;_self&#8221; width=&#8221;1\/3&#8243; tablet_width_inherit=&#8221;default&#8221; column_border_width=&#8221;none&#8221; column_border_style=&#8221;solid&#8221; bg_image_animation=&#8221;none&#8221;][fancy_box box_style=&#8221;parallax_hover&#8221; icon_family=&#8221;iconsmind&#8221; image_url=&#8221;1309&#8243; color_scheme=&#8221;dark&#8221; secondary_content=&#8221;here&#8217;s some awesome text that would only be shown on hover&#8221; link_url=&#8221;?page_id=1392&#8243; icon_iconsmind=&#8221;iconsmind-Trekking&#8221; min_height=&#8221;600&#8243;]\n<h3><span style=\"color: #e6e6e6;\">Sentiero Europeo E5<\/span><\/h3>\n[\/fancy_box][\/vc_column_inner][\/vc_row_inner][\/vc_column][\/vc_row][vc_row type=&#8221;full_width_content&#8221; full_screen_row_position=&#8221;middle&#8221; bg_image=&#8221;1295&#8243; bg_position=&#8221;left top&#8221; bg_repeat=&#8221;no-repeat&#8221; scene_position=&#8221;center&#8221; text_color=&#8221;dark&#8221; text_align=&#8221;center&#8221; top_padding=&#8221;4%&#8221; bottom_padding=&#8221;4%&#8221; overlay_strength=&#8221;0.3&#8243; shape_divider_position=&#8221;bottom&#8221; bg_image_animation=&#8221;none&#8221; parallax_bg=&#8221;true&#8221; parallax_bg_speed=&#8221;slow&#8221; shape_type=&#8221;&#8221;][vc_column column_padding=&#8221;no-extra-padding&#8221; column_padding_position=&#8221;all&#8221; background_color_opacity=&#8221;1&#8243; background_hover_color_opacity=&#8221;1&#8243; column_link_target=&#8221;_self&#8221; column_shadow=&#8221;none&#8221; column_border_radius=&#8221;none&#8221; width=&#8221;1\/1&#8243; tablet_width_inherit=&#8221;default&#8221; tablet_text_alignment=&#8221;default&#8221; phone_text_alignment=&#8221;default&#8221; column_border_width=&#8221;none&#8221; column_border_style=&#8221;solid&#8221; bg_image_animation=&#8221;none&#8221;][vc_row_inner content_placement=&#8221;middle&#8221; column_margin=&#8221;default&#8221; top_padding=&#8221;14%&#8221; bottom_padding=&#8221;14%&#8221; text_align=&#8221;left&#8221;][vc_column_inner column_padding=&#8221;no-extra-padding&#8221; column_padding_position=&#8221;all&#8221; background_color_opacity=&#8221;1&#8243; background_hover_color_opacity=&#8221;1&#8243; font_color=&#8221;#ffffff&#8221; column_shadow=&#8221;none&#8221; column_border_radius=&#8221;none&#8221; column_link_target=&#8221;_self&#8221; width=&#8221;1\/1&#8243; tablet_width_inherit=&#8221;default&#8221; column_border_width=&#8221;none&#8221; column_border_style=&#8221;solid&#8221; bg_image_animation=&#8221;none&#8221;][vc_column_text]\n<h2><span style=\"color: #e6e6e6;\">Informazioni senza impegno<\/span><\/h2>\n[\/vc_column_text][divider line_type=&#8221;No Line&#8221; custom_height=&#8221;40&#8243;][nectar_btn size=&#8221;large&#8221; button_style=&#8221;regular&#8221; button_color_2=&#8221;Accent-Color&#8221; icon_family=&#8221;none&#8221; url=&#8221;?page_id=1361&#8243; text=&#8221;Richiedi&#8221;][\/vc_column_inner][\/vc_row_inner][\/vc_column][\/vc_row]","protected":false},"excerpt":{"rendered":"<p>[vc_row type=&#8221;full_width_background&#8221; full_screen_row_position=&#8221;middle&#8221; scene_position=&#8221;center&#8221; text_color=&#8221;dark&#8221; text_align=&#8221;left&#8221; top_padding=&#8221;7%&#8221; id=&#8221;gallery&#8221; overlay_strength=&#8221;0.3&#8243; shape_divider_position=&#8221;bottom&#8221; bg_image_animation=&#8221;none&#8221; shape_type=&#8221;&#8221;][vc_column centered_text=&#8221;true&#8221; column_padding=&#8221;no-extra-padding&#8221; column_padding_position=&#8221;all&#8221;&#8230;<\/p>\n","protected":false},"author":2,"featured_media":0,"parent":0,"menu_order":0,"comment_status":"closed","ping_status":"closed","template":"","meta":{"footnotes":""},"class_list":["post-2021","page","type-page","status-publish"],"_links":{"self":[{"href":"https:\/\/gasthofpeter.com\/it\/wp-json\/wp\/v2\/pages\/2021","targetHints":{"allow":["GET"]}}],"collection":[{"href":"https:\/\/gasthofpeter.com\/it\/wp-json\/wp\/v2\/pages"}],"about":[{"href":"https:\/\/gasthofpeter.com\/it\/wp-json\/wp\/v2\/types\/page"}],"author":[{"embeddable":true,"href":"https:\/\/gasthofpeter.com\/it\/wp-json\/wp\/v2\/users\/2"}],"replies":[{"embeddable":true,"href":"https:\/\/gasthofpeter.com\/it\/wp-json\/wp\/v2\/comments?post=2021"}],"version-history":[{"count":10,"href":"https:\/\/gasthofpeter.com\/it\/wp-json\/wp\/v2\/pages\/2021\/revisions"}],"predecessor-version":[{"id":2202,"href":"https:\/\/gasthofpeter.com\/it\/wp-json\/wp\/v2\/pages\/2021\/revisions\/2202"}],"wp:attachment":[{"href":"https:\/\/gasthofpeter.com\/it\/wp-json\/wp\/v2\/media?parent=2021"}],"curies":[{"name":"wp","href":"https:\/\/api.w.org\/{rel}","templated":true}]}}