{"id":2033,"date":"2019-07-22T14:22:40","date_gmt":"2019-07-22T12:22:40","guid":{"rendered":"http:\/\/102013.web.zcom.it\/?page_id=2033"},"modified":"2019-07-24T08:31:20","modified_gmt":"2019-07-24T06:31:20","slug":"motociclismo","status":"publish","type":"page","link":"https:\/\/gasthofpeter.com\/it\/motociclismo\/","title":{"rendered":"Motorradurlaub"},"content":{"rendered":"[vc_row type=&#8221;full_width_background&#8221; full_screen_row_position=&#8221;middle&#8221; scene_position=&#8221;center&#8221; text_color=&#8221;dark&#8221; text_align=&#8221;left&#8221; top_padding=&#8221;7%&#8221; id=&#8221;gallery&#8221; overlay_strength=&#8221;0.3&#8243; shape_divider_position=&#8221;bottom&#8221; bg_image_animation=&#8221;none&#8221; shape_type=&#8221;&#8221;][vc_column centered_text=&#8221;true&#8221; column_padding=&#8221;no-extra-padding&#8221; column_padding_position=&#8221;all&#8221; background_color_opacity=&#8221;1&#8243; background_hover_color_opacity=&#8221;1&#8243; column_link_target=&#8221;_self&#8221; column_shadow=&#8221;none&#8221; column_border_radius=&#8221;none&#8221; width=&#8221;1\/1&#8243; tablet_width_inherit=&#8221;default&#8221; tablet_text_alignment=&#8221;default&#8221; phone_text_alignment=&#8221;default&#8221; column_border_width=&#8221;none&#8221; column_border_style=&#8221;solid&#8221; bg_image_animation=&#8221;none&#8221;][vc_column_text]\n<h2 style=\"text-align: center;\">Motociclismo. Condividere una passione.<\/h2>\n[\/vc_column_text][divider line_type=&#8221;No Line&#8221; custom_height=&#8221;40&#8243;][vc_column_text css=&#8221;.vc_custom_1563797901449{margin-right: 7% !important;margin-left: 7% !important;}&#8221;]\n<p style=\"text-align: center;\">Il motociclismo e la Val Passiria sono semplicemente un tutt&#8217;uno. Gli appassionati della moto e gli intenditori dell\u2019Alto Adige lo sanno. Numerosi passaggi. Curve. Strade di montagna. Serpentine. Paesaggi mozzafiato. Panorami unici. E un sacco di persone che apprezzano e amano la Val Passiria come un Eldorado del motociclistico.<br \/>\nIl nostro Gasthof Peter a San Leonardo in Passiria \u00e8 il punto di partenza ideale per tour indimenticabili. Tra l\u2019altro anche per i tour al Passo del Rombo o al Passo del Giovo. Qui sotto trovate maggiori informazioni!<\/p>\n[\/vc_column_text][\/vc_column][\/vc_row][vc_row type=&#8221;full_width_content&#8221; full_screen_row_position=&#8221;middle&#8221; scene_position=&#8221;center&#8221; text_color=&#8221;dark&#8221; text_align=&#8221;left&#8221; bottom_padding=&#8221;7%&#8221; id=&#8221;gallery&#8221; overlay_strength=&#8221;0.3&#8243; shape_divider_position=&#8221;bottom&#8221; bg_image_animation=&#8221;none&#8221; shape_type=&#8221;&#8221;][vc_column centered_text=&#8221;true&#8221; column_padding=&#8221;no-extra-padding&#8221; column_padding_position=&#8221;all&#8221; background_color_opacity=&#8221;1&#8243; background_hover_color_opacity=&#8221;1&#8243; column_link_target=&#8221;_self&#8221; column_shadow=&#8221;none&#8221; column_border_radius=&#8221;none&#8221; width=&#8221;1\/1&#8243; tablet_width_inherit=&#8221;default&#8221; tablet_text_alignment=&#8221;default&#8221; phone_text_alignment=&#8221;default&#8221; column_border_width=&#8221;none&#8221; column_border_style=&#8221;solid&#8221; bg_image_animation=&#8221;none&#8221;][vc_gallery type=&#8221;flickity_style&#8221; images=&#8221;1311&#8243; flickity_controls=&#8221;pagination&#8221; flickity_desktop_columns=&#8221;1&#8243; flickity_small_desktop_columns=&#8221;1&#8243; flickity_tablet_columns=&#8221;1&#8243; flickity_box_shadow=&#8221;none&#8221; onclick=&#8221;link_no&#8221; img_size=&#8221;large&#8221;][\/vc_column][\/vc_row][vc_row type=&#8221;full_width_background&#8221; full_screen_row_position=&#8221;middle&#8221; scene_position=&#8221;center&#8221; text_color=&#8221;dark&#8221; text_align=&#8221;left&#8221; bottom_padding=&#8221;7%&#8221; id=&#8221;gallery&#8221; overlay_strength=&#8221;0.3&#8243; shape_divider_position=&#8221;bottom&#8221; bg_image_animation=&#8221;none&#8221; shape_type=&#8221;&#8221;][vc_column centered_text=&#8221;true&#8221; column_padding=&#8221;no-extra-padding&#8221; column_padding_position=&#8221;all&#8221; background_color_opacity=&#8221;1&#8243; background_hover_color_opacity=&#8221;1&#8243; column_link_target=&#8221;_self&#8221; column_shadow=&#8221;none&#8221; column_border_radius=&#8221;none&#8221; width=&#8221;1\/1&#8243; tablet_width_inherit=&#8221;default&#8221; tablet_text_alignment=&#8221;default&#8221; phone_text_alignment=&#8221;default&#8221; column_border_width=&#8221;none&#8221; column_border_style=&#8221;solid&#8221; bg_image_animation=&#8221;none&#8221;][vc_column_text css=&#8221;.vc_custom_1563798068590{margin-right: 7% !important;margin-left: 7% !important;}&#8221;]\n<h3>Il Passo del Rombo<\/h3>\n<h4>1.800 metri di altitudine. 30 chilometri di asfalto.<\/h4>\n<p>Questa \u00e8 la strada che porta al Passo del Rombo, che inizia direttamente a San Leonardo in Passiria. Il passo di confine, che collega la valle austriaca \u00d6tztal con la Val Passiria, \u00e8 uno dei passi pi\u00f9 alti d&#8217;Europa. Un passo che far\u00e0 innamorare qualsiasi motociclista \u2013 oltretutto con un panorama mozzafiato.[\/vc_column_text][divider line_type=&#8221;No Line&#8221; custom_height=&#8221;60&#8243;][image_with_animation image_url=&#8221;1312&#8243; alignment=&#8221;&#8221; animation=&#8221;Fade In&#8221; border_radius=&#8221;none&#8221; box_shadow=&#8221;none&#8221; max_width=&#8221;100%&#8221;][divider line_type=&#8221;No Line&#8221; custom_height=&#8221;60&#8243;][vc_column_text css=&#8221;.vc_custom_1563798150454{margin-right: 7% !important;margin-left: 7% !important;}&#8221;]\n<h3>Il Passo del Giovo<\/h3>\n<h4>Il tour sul Passo del Giovo \u00e8 il tour in moto per eccellenza.<\/h4>\n<p>Perch\u00e9? Perch\u00e9 combina uno scenario mozzafiato, curve strette e soste per riposarsi con uno scenario idilliaco. Il percorso di circa 200 chilometri collega la Val Passiria con la Valle Isarco. La partenza \u00e8 in Val Passiria, per poi risalire per 31 chilometri fino al Passo del Giovo. Anche qui la vista sulle cime e le montagne circostanti non ha prezzo.[\/vc_column_text][\/vc_column][\/vc_row]","protected":false},"excerpt":{"rendered":"<p>[vc_row type=&#8221;full_width_background&#8221; full_screen_row_position=&#8221;middle&#8221; scene_position=&#8221;center&#8221; text_color=&#8221;dark&#8221; text_align=&#8221;left&#8221; top_padding=&#8221;7%&#8221; id=&#8221;gallery&#8221; overlay_strength=&#8221;0.3&#8243; shape_divider_position=&#8221;bottom&#8221; bg_image_animation=&#8221;none&#8221; shape_type=&#8221;&#8221;][vc_column centered_text=&#8221;true&#8221; column_padding=&#8221;no-extra-padding&#8221; column_padding_position=&#8221;all&#8221;&#8230;<\/p>\n","protected":false},"author":2,"featured_media":0,"parent":0,"menu_order":0,"comment_status":"closed","ping_status":"closed","template":"","meta":{"footnotes":""},"class_list":["post-2033","page","type-page","status-publish"],"_links":{"self":[{"href":"https:\/\/gasthofpeter.com\/it\/wp-json\/wp\/v2\/pages\/2033","targetHints":{"allow":["GET"]}}],"collection":[{"href":"https:\/\/gasthofpeter.com\/it\/wp-json\/wp\/v2\/pages"}],"about":[{"href":"https:\/\/gasthofpeter.com\/it\/wp-json\/wp\/v2\/types\/page"}],"author":[{"embeddable":true,"href":"https:\/\/gasthofpeter.com\/it\/wp-json\/wp\/v2\/users\/2"}],"replies":[{"embeddable":true,"href":"https:\/\/gasthofpeter.com\/it\/wp-json\/wp\/v2\/comments?post=2033"}],"version-history":[{"count":2,"href":"https:\/\/gasthofpeter.com\/it\/wp-json\/wp\/v2\/pages\/2033\/revisions"}],"predecessor-version":[{"id":2035,"href":"https:\/\/gasthofpeter.com\/it\/wp-json\/wp\/v2\/pages\/2033\/revisions\/2035"}],"wp:attachment":[{"href":"https:\/\/gasthofpeter.com\/it\/wp-json\/wp\/v2\/media?parent=2033"}],"curies":[{"name":"wp","href":"https:\/\/api.w.org\/{rel}","templated":true}]}}