{"id":2041,"date":"2019-07-22T14:51:58","date_gmt":"2019-07-22T12:51:58","guid":{"rendered":"http:\/\/102013.web.zcom.it\/?page_id=2041"},"modified":"2019-07-24T10:10:00","modified_gmt":"2019-07-24T08:10:00","slug":"gasthof-peter","status":"publish","type":"page","link":"https:\/\/gasthofpeter.com\/it\/","title":{"rendered":"Gasthof Peter"},"content":{"rendered":"[vc_row type=&#8221;full_width_background&#8221; full_screen_row_position=&#8221;middle&#8221; bg_image=&#8221;1109&#8243; bg_position=&#8221;right top&#8221; bg_repeat=&#8221;no-repeat&#8221; scene_position=&#8221;center&#8221; text_color=&#8221;light&#8221; text_align=&#8221;left&#8221; top_padding=&#8221;18%&#8221; bottom_padding=&#8221;18%&#8221; id=&#8221;about&#8221; color_overlay=&#8221;#3d3d3d&#8221; overlay_strength=&#8221;0.3&#8243; shape_divider_position=&#8221;bottom&#8221; bg_image_animation=&#8221;none&#8221; parallax_bg=&#8221;true&#8221; parallax_bg_speed=&#8221;fast&#8221; shape_type=&#8221;&#8221;][vc_column centered_text=&#8221;true&#8221; column_padding=&#8221;no-extra-padding&#8221; column_padding_position=&#8221;all&#8221; background_color_opacity=&#8221;1&#8243; background_hover_color_opacity=&#8221;1&#8243; column_link_target=&#8221;_self&#8221; column_shadow=&#8221;none&#8221; column_border_radius=&#8221;none&#8221; width=&#8221;1\/1&#8243; tablet_width_inherit=&#8221;default&#8221; tablet_text_alignment=&#8221;default&#8221; phone_text_alignment=&#8221;default&#8221; column_border_width=&#8221;none&#8221; column_border_style=&#8221;solid&#8221; bg_image_animation=&#8221;none&#8221;][image_with_animation image_url=&#8221;991&#8243; alignment=&#8221;center&#8221; animation=&#8221;Fade In&#8221; border_radius=&#8221;none&#8221; box_shadow=&#8221;none&#8221; max_width=&#8221;100%&#8221;][\/vc_column][\/vc_row][vc_row type=&#8221;full_width_background&#8221; full_screen_row_position=&#8221;middle&#8221; bg_color=&#8221;#ffffff&#8221; scene_position=&#8221;center&#8221; text_color=&#8221;light&#8221; text_align=&#8221;left&#8221; overlay_strength=&#8221;0.3&#8243; shape_divider_position=&#8221;bottom&#8221; bg_image_animation=&#8221;none&#8221; shape_type=&#8221;&#8221;][vc_column column_padding=&#8221;no-extra-padding&#8221; column_padding_position=&#8221;all&#8221; background_color_opacity=&#8221;1&#8243; background_hover_color_opacity=&#8221;1&#8243; column_link_target=&#8221;_self&#8221; column_shadow=&#8221;large_depth&#8221; column_border_radius=&#8221;none&#8221; top_margin=&#8221;-7%&#8221; bottom_margin=&#8221;-7%&#8221; width=&#8221;1\/1&#8243; tablet_width_inherit=&#8221;default&#8221; tablet_text_alignment=&#8221;default&#8221; phone_text_alignment=&#8221;default&#8221; column_border_width=&#8221;none&#8221; column_border_style=&#8221;solid&#8221; bg_image_animation=&#8221;none&#8221;][vc_row_inner equal_height=&#8221;yes&#8221; content_placement=&#8221;middle&#8221; column_margin=&#8221;none&#8221; text_align=&#8221;left&#8221; id=&#8221;about&#8221; css=&#8221;.vc_custom_1486684329109{background-color: #ffffff !important;}&#8221;][vc_column_inner column_padding=&#8221;padding-7-percent&#8221; column_padding_position=&#8221;all&#8221; background_color=&#8221;#ffffff&#8221; background_color_opacity=&#8221;0.9&#8243; background_hover_color_opacity=&#8221;1&#8243; font_color=&#8221;#494948&#8243; column_shadow=&#8221;none&#8221; column_border_radius=&#8221;none&#8221; column_link_target=&#8221;_self&#8221; width=&#8221;1\/2&#8243; tablet_width_inherit=&#8221;default&#8221; column_border_width=&#8221;none&#8221; column_border_style=&#8221;solid&#8221; bg_image_animation=&#8221;none&#8221;][vc_column_text]\n<h2>La vostra casa vacanza<\/h2>\n[\/vc_column_text][vc_column_text css=&#8221;.vc_custom_1563799712697{margin-top: 40px !important;}&#8221;]\n<p class=\"p1\">Un posto per intenditori. Per chi cerca pace e tranquillit\u00e0, ma anche per le persone attive. Una casa vacanza per coppie e famiglie. Un ambito luogo per gli ospiti abituali. Una sorprendente scoperta per tutti coloro che sono alla ricerca di qualcosa di speciale. In mezzo alla natura.<\/p>\n[\/vc_column_text][vc_column_text css=&#8221;.vc_custom_1563799732104{margin-top: 40px !important;}&#8221;]\n<p class=\"p1\"><strong><span class=\"s1\">Benvenuti a Gasthof Peter.<\/span><\/strong><\/p>\n[\/vc_column_text][\/vc_column_inner][vc_column_inner background_image=&#8221;1029&#8243; enable_bg_scale=&#8221;true&#8221; column_padding=&#8221;padding-5-percent&#8221; column_padding_position=&#8221;all&#8221; background_color_opacity=&#8221;1&#8243; background_hover_color_opacity=&#8221;1&#8243; column_shadow=&#8221;none&#8221; column_border_radius=&#8221;none&#8221; column_link_target=&#8221;_self&#8221; width=&#8221;1\/2&#8243; tablet_width_inherit=&#8221;default&#8221; column_border_width=&#8221;none&#8221; column_border_style=&#8221;solid&#8221; bg_image_animation=&#8221;none&#8221;][divider line_type=&#8221;No Line&#8221; custom_height=&#8221;200&#8243;][\/vc_column_inner][\/vc_row_inner][vc_row_inner equal_height=&#8221;yes&#8221; content_placement=&#8221;middle&#8221; column_margin=&#8221;none&#8221; text_align=&#8221;left&#8221;][vc_column_inner background_image=&#8221;1010&#8243; enable_bg_scale=&#8221;true&#8221; column_padding=&#8221;no-extra-padding&#8221; column_padding_position=&#8221;all&#8221; background_color_opacity=&#8221;1&#8243; background_hover_color_opacity=&#8221;1&#8243; column_shadow=&#8221;none&#8221; column_border_radius=&#8221;none&#8221; column_link_target=&#8221;_self&#8221; width=&#8221;1\/2&#8243; tablet_width_inherit=&#8221;default&#8221; column_border_width=&#8221;none&#8221; column_border_style=&#8221;solid&#8221; bg_image_animation=&#8221;none&#8221;][divider line_type=&#8221;No Line&#8221; custom_height=&#8221;400&#8243;][\/vc_column_inner][vc_column_inner column_padding=&#8221;padding-7-percent&#8221; column_padding_position=&#8221;all&#8221; background_color=&#8221;#494948&#8243; background_color_opacity=&#8221;1&#8243; background_hover_color_opacity=&#8221;1&#8243; font_color=&#8221;#ffffff&#8221; column_shadow=&#8221;none&#8221; column_border_radius=&#8221;none&#8221; column_link_target=&#8221;_self&#8221; width=&#8221;1\/2&#8243; tablet_width_inherit=&#8221;default&#8221; column_border_width=&#8221;none&#8221; column_border_style=&#8221;solid&#8221; bg_image_animation=&#8221;none&#8221;][vc_column_text max_width=&#8221;350&#8243;]\n<h2>Le nostre camere e appartamenti<\/h2>\n[\/vc_column_text][vc_column_text css=&#8221;.vc_custom_1563799912545{margin-top: 40px !important;}&#8221;]\n<p class=\"p1\">\u2026 relax allo stato puro!<\/p>\n<p class=\"p2\">8 camere matrimoniali. 3 appartamenti. Il Gasthof Peter ha l\u2019offerta giusta per ogni tipo di vacanza. Non importa cosa decidete di fare, dove vi sentite a vostro agio \u2013 da tutti gli alloggi rinnovati godete di una splendida vista, completamente gratuita. Sia in direzione Merano, la vivace citt\u00e0 termale, sia in direzione dell\u2019Alta Val Passiria e del Passo del Giovo, l\u2019eldorado per motociclisti.<\/p>\n[\/vc_column_text][divider line_type=&#8221;No Line&#8221; custom_height=&#8221;40&#8243;][nectar_cta btn_style=&#8221;see-through&#8221; heading_tag=&#8221;h5&#8243; text_color=&#8221;#b9b1a1&#8243; link_type=&#8221;regular&#8221; alignment=&#8221;left&#8221; link_text=&#8221;Leggi di pi\u00f9&#8221; url=&#8221;?page_id=1328&#8243;][\/vc_column_inner][\/vc_row_inner][\/vc_column][\/vc_row][vc_row type=&#8221;full_width_background&#8221; full_screen_row_position=&#8221;middle&#8221; scene_position=&#8221;center&#8221; text_color=&#8221;dark&#8221; text_align=&#8221;left&#8221; top_padding=&#8221;10%&#8221; bottom_padding=&#8221;7%&#8221; overlay_strength=&#8221;0.3&#8243; shape_divider_position=&#8221;bottom&#8221; bg_image_animation=&#8221;none&#8221; shape_type=&#8221;&#8221;][vc_column centered_text=&#8221;true&#8221; column_padding=&#8221;no-extra-padding&#8221; column_padding_position=&#8221;all&#8221; background_color_opacity=&#8221;1&#8243; background_hover_color_opacity=&#8221;1&#8243; column_link_target=&#8221;_self&#8221; column_shadow=&#8221;none&#8221; column_border_radius=&#8221;none&#8221; width=&#8221;1\/1&#8243; tablet_width_inherit=&#8221;default&#8221; tablet_text_alignment=&#8221;default&#8221; phone_text_alignment=&#8221;default&#8221; column_border_width=&#8221;none&#8221; column_border_style=&#8221;solid&#8221; bg_image_animation=&#8221;none&#8221;][vc_column_text]\n<h2 style=\"text-align: center;\">Il Gasthof Peter in un colpo d&#8217;occhio.<\/h2>\n<h3 style=\"text-align: center;\"><span lang=\"IT\">Tranquillo &amp; Panoramico.<\/span><\/h3>\n[\/vc_column_text][divider line_type=&#8221;No Line&#8221; custom_height=&#8221;60&#8243;][vc_row_inner equal_height=&#8221;yes&#8221; content_placement=&#8221;middle&#8221; column_margin=&#8221;none&#8221; text_align=&#8221;left&#8221;][vc_column_inner column_padding=&#8221;no-extra-padding&#8221; column_padding_position=&#8221;all&#8221; background_color_opacity=&#8221;1&#8243; background_hover_color_opacity=&#8221;1&#8243; font_color=&#8221;#ffffff&#8221; column_shadow=&#8221;none&#8221; column_border_radius=&#8221;none&#8221; column_link_target=&#8221;_self&#8221; width=&#8221;1\/3&#8243; tablet_width_inherit=&#8221;default&#8221; column_border_width=&#8221;none&#8221; column_border_style=&#8221;solid&#8221; bg_image_animation=&#8221;none&#8221;][fancy_box box_style=&#8221;parallax_hover&#8221; icon_family=&#8221;iconsmind&#8221; image_url=&#8221;1025&#8243; color_scheme=&#8221;dark&#8221; secondary_content=&#8221;here&#8217;s some awesome text that would only be shown on hover&#8221; icon_iconsmind=&#8221;iconsmind-Sun&#8221; min_height=&#8221;600&#8243; link_url=&#8221;?page_id=1318&#8243;]\n<h3><span style=\"color: #e6e6e6;\">Mamma mia, che vista!<\/span><\/h3>\n[\/fancy_box][\/vc_column_inner][vc_column_inner column_padding=&#8221;no-extra-padding&#8221; column_padding_position=&#8221;all&#8221; background_color_opacity=&#8221;1&#8243; background_hover_color_opacity=&#8221;1&#8243; column_shadow=&#8221;none&#8221; column_border_radius=&#8221;none&#8221; column_link_target=&#8221;_self&#8221; width=&#8221;1\/3&#8243; tablet_width_inherit=&#8221;default&#8221; column_border_width=&#8221;none&#8221; column_border_style=&#8221;solid&#8221; bg_image_animation=&#8221;none&#8221;][fancy_box box_style=&#8221;parallax_hover&#8221; icon_family=&#8221;iconsmind&#8221; image_url=&#8221;1541&#8243; color_scheme=&#8221;dark&#8221; secondary_content=&#8221;&#8221; icon_iconsmind=&#8221;iconsmind-Plates&#8221; min_height=&#8221;600&#8243; link_url=&#8221;?page_id=1272&#8243;]\n<h3><span style=\"color: #e6e6e6;\">Prelibatezze altoatesine!<\/span><\/h3>\n[\/fancy_box][\/vc_column_inner][vc_column_inner column_padding=&#8221;no-extra-padding&#8221; column_padding_position=&#8221;all&#8221; background_color_opacity=&#8221;1&#8243; background_hover_color_opacity=&#8221;1&#8243; column_shadow=&#8221;none&#8221; column_border_radius=&#8221;none&#8221; column_link_target=&#8221;_self&#8221; width=&#8221;1\/3&#8243; tablet_width_inherit=&#8221;default&#8221; column_border_width=&#8221;none&#8221; column_border_style=&#8221;solid&#8221; bg_image_animation=&#8221;none&#8221;][fancy_box box_style=&#8221;parallax_hover&#8221; icon_family=&#8221;iconsmind&#8221; image_url=&#8221;1010&#8243; color_scheme=&#8221;dark&#8221; secondary_content=&#8221;here&#8217;s some awesome text that would only be shown on hover&#8221; link_url=&#8221;?page_id=1328&#8243; icon_iconsmind=&#8221;iconsmind-Sleeping&#8221; min_height=&#8221;600&#8243;]\n<h3><span style=\"color: #e6e6e6;\">Dormire come un ghiro!<\/span><\/h3>\n[\/fancy_box][\/vc_column_inner][\/vc_row_inner][\/vc_column][\/vc_row][vc_row type=&#8221;full_width_background&#8221; full_screen_row_position=&#8221;middle&#8221; equal_height=&#8221;yes&#8221; bg_color=&#8221;#ffffff&#8221; scene_position=&#8221;center&#8221; text_color=&#8221;custom&#8221; text_align=&#8221;left&#8221; top_padding=&#8221;7%&#8221; bottom_padding=&#8221;7%&#8221; overlay_strength=&#8221;0.5&#8243; shape_divider_position=&#8221;bottom&#8221; bg_image_animation=&#8221;none&#8221; shape_type=&#8221;&#8221;][vc_column column_padding=&#8221;no-extra-padding&#8221; column_padding_position=&#8221;all&#8221; background_color_opacity=&#8221;1&#8243; background_hover_color_opacity=&#8221;1&#8243; column_link_target=&#8221;_self&#8221; column_shadow=&#8221;none&#8221; column_border_radius=&#8221;none&#8221; width=&#8221;1\/1&#8243; tablet_width_inherit=&#8221;default&#8221; tablet_text_alignment=&#8221;default&#8221; phone_text_alignment=&#8221;default&#8221; column_border_width=&#8221;none&#8221; column_border_style=&#8221;solid&#8221; bg_image_animation=&#8221;none&#8221;][vc_column_text]\n<h2 style=\"text-align: center;\">Recensioni<\/h2>\n[\/vc_column_text][divider line_type=&#8221;No Line&#8221; custom_height=&#8221;60&#8243;][testimonial_slider style=&#8221;multiple_visible&#8221; color=&#8221;accent-color-dark&#8221; autorotate=&#8221;5000&#8243;][testimonial star_rating=&#8221;100%&#8221; title=&#8221;Testimonial&#8221; id=&#8221;1563955785531-3&#8243; name=&#8221;Paola Massa&#8221; subtitle=&#8221;Google&#8221; quote=&#8221;Ottima Cucina tipica altoatesina con contaminazioni meridionali. Ottimo rapporto qualit\u00e0 prezzo. Ambiente familiare. Rimodernato nella parte alta!&#8221; tab_id=&#8221;1563955785533-3&#8243;][testimonial star_rating=&#8221;80%&#8221; title=&#8221;Testimonial&#8221; id=&#8221;1563955785686-5&#8243; name=&#8221;iz1kfy&#8221; subtitle=&#8221;Tripadvisor&#8221; quote=&#8221;Ottima pensione, lodevole la pulizia e la qualita&#8217; del cibo, sopratutto considerati i modesti costi. Se proprio vogliamo dire&#8230;.ma e&#8217; strettamente personale, &#8230;per i mangioni come me&#8230;, non abbondante la quantita&#8217; del cibo. Comunque, consigliatissimo.&#8221; tab_id=&#8221;1563955785691-0&#8243;][testimonial star_rating=&#8221;100%&#8221; title=&#8221;Testimonial&#8221; id=&#8221;1563955785752-10&#8243; name=&#8221;Paola C&#8221; subtitle=&#8221;TripAdvisor&#8221; quote=&#8221;Un angolo di Paradiso. Questo \u00e8 il quarto anno che ritorniamo in questo piccolo albergo e il perch\u00e9 \u00e8 semplice! \u00c8 come tornare a casa anzi \u00e8 come essere a casa! Un grazie va Silvia che ha preparato piatti speciali per me che sono vegetariana e a Maria che e&#8217; sempre disponibile e sorridente! Arrivederci!!!&#8221; tab_id=&#8221;1563955785752-7&#8243;][testimonial star_rating=&#8221;80%&#8221; title=&#8221;Testimonial&#8221; id=&#8221;1563955785810-0&#8243; tab_id=&#8221;1563955785810-4&#8243; name=&#8221;Mauri&#8221; subtitle=&#8221;Tripadvisor&#8221; quote=&#8221;Ordinato e pulito, ottimo l&#8217;alloggio, gentile e disponibile sia la padrona di casa che tutto il personale; che dire una bella esperienza. Unico neo trascurabile l&#8217;orario della cena troppo presto. abbiamo alloggiato in mini appartamento 1\/2 pensione, molto carino e ben arredato, colazione e cena buone ed abbondanti merita sicuramente una visita.&#8221;][\/testimonial_slider][\/vc_column][\/vc_row][vc_row type=&#8221;full_width_content&#8221; full_screen_row_position=&#8221;middle&#8221; bg_image=&#8221;1295&#8243; bg_position=&#8221;left top&#8221; bg_repeat=&#8221;no-repeat&#8221; scene_position=&#8221;center&#8221; text_color=&#8221;dark&#8221; text_align=&#8221;center&#8221; top_padding=&#8221;4%&#8221; bottom_padding=&#8221;4%&#8221; overlay_strength=&#8221;0.3&#8243; shape_divider_position=&#8221;bottom&#8221; bg_image_animation=&#8221;none&#8221; parallax_bg=&#8221;true&#8221; parallax_bg_speed=&#8221;slow&#8221; shape_type=&#8221;&#8221;][vc_column column_padding=&#8221;no-extra-padding&#8221; column_padding_position=&#8221;all&#8221; background_color_opacity=&#8221;1&#8243; background_hover_color_opacity=&#8221;1&#8243; column_link_target=&#8221;_self&#8221; column_shadow=&#8221;none&#8221; column_border_radius=&#8221;none&#8221; width=&#8221;1\/1&#8243; tablet_width_inherit=&#8221;default&#8221; tablet_text_alignment=&#8221;default&#8221; phone_text_alignment=&#8221;default&#8221; column_border_width=&#8221;none&#8221; column_border_style=&#8221;solid&#8221; bg_image_animation=&#8221;none&#8221;][vc_row_inner content_placement=&#8221;middle&#8221; column_margin=&#8221;default&#8221; top_padding=&#8221;14%&#8221; bottom_padding=&#8221;14%&#8221; text_align=&#8221;left&#8221;][vc_column_inner column_padding=&#8221;no-extra-padding&#8221; column_padding_position=&#8221;all&#8221; background_color_opacity=&#8221;1&#8243; background_hover_color_opacity=&#8221;1&#8243; font_color=&#8221;#ffffff&#8221; column_shadow=&#8221;none&#8221; column_border_radius=&#8221;none&#8221; column_link_target=&#8221;_self&#8221; width=&#8221;1\/1&#8243; tablet_width_inherit=&#8221;default&#8221; column_border_width=&#8221;none&#8221; column_border_style=&#8221;solid&#8221; bg_image_animation=&#8221;none&#8221;][vc_column_text]\n<h2><span style=\"color: #e6e6e6;\">Informazioni senza impegno<\/span><\/h2>\n[\/vc_column_text][divider line_type=&#8221;No Line&#8221; custom_height=&#8221;40&#8243;][nectar_btn size=&#8221;large&#8221; button_style=&#8221;regular&#8221; button_color_2=&#8221;Accent-Color&#8221; icon_family=&#8221;none&#8221; url=&#8221;?page_id=1361&#8243; text=&#8221;Richiedi&#8221;][\/vc_column_inner][\/vc_row_inner][\/vc_column][\/vc_row]","protected":false},"excerpt":{"rendered":"<p>[vc_row type=&#8221;full_width_background&#8221; full_screen_row_position=&#8221;middle&#8221; bg_image=&#8221;1109&#8243; bg_position=&#8221;right top&#8221; bg_repeat=&#8221;no-repeat&#8221; scene_position=&#8221;center&#8221; text_color=&#8221;light&#8221; text_align=&#8221;left&#8221; top_padding=&#8221;18%&#8221; bottom_padding=&#8221;18%&#8221; id=&#8221;about&#8221; color_overlay=&#8221;#3d3d3d&#8221; overlay_strength=&#8221;0.3&#8243;&#8230;<\/p>\n","protected":false},"author":2,"featured_media":0,"parent":0,"menu_order":0,"comment_status":"closed","ping_status":"closed","template":"","meta":{"footnotes":""},"class_list":["post-2041","page","type-page","status-publish"],"_links":{"self":[{"href":"https:\/\/gasthofpeter.com\/it\/wp-json\/wp\/v2\/pages\/2041","targetHints":{"allow":["GET"]}}],"collection":[{"href":"https:\/\/gasthofpeter.com\/it\/wp-json\/wp\/v2\/pages"}],"about":[{"href":"https:\/\/gasthofpeter.com\/it\/wp-json\/wp\/v2\/types\/page"}],"author":[{"embeddable":true,"href":"https:\/\/gasthofpeter.com\/it\/wp-json\/wp\/v2\/users\/2"}],"replies":[{"embeddable":true,"href":"https:\/\/gasthofpeter.com\/it\/wp-json\/wp\/v2\/comments?post=2041"}],"version-history":[{"count":23,"href":"https:\/\/gasthofpeter.com\/it\/wp-json\/wp\/v2\/pages\/2041\/revisions"}],"predecessor-version":[{"id":2251,"href":"https:\/\/gasthofpeter.com\/it\/wp-json\/wp\/v2\/pages\/2041\/revisions\/2251"}],"wp:attachment":[{"href":"https:\/\/gasthofpeter.com\/it\/wp-json\/wp\/v2\/media?parent=2041"}],"curies":[{"name":"wp","href":"https:\/\/api.w.org\/{rel}","templated":true}]}}